{"id":2758,"date":"2023-03-02T12:51:59","date_gmt":"2023-03-02T12:51:59","guid":{"rendered":"http:\/\/aluet.cat\/?page_id=2758"},"modified":"2025-05-27T18:03:54","modified_gmt":"2025-05-27T18:03:54","slug":"a-cordes","status":"publish","type":"page","link":"https:\/\/aluet.cat\/index.php\/a-cordes\/","title":{"rendered":"A CORDES"},"content":{"rendered":"<div id='av-layout-grid-1'  class='av-layout-grid-container av-mwmp9i-4d3ec78523ca324d6d687bbace5ab0f7 entry-content-wrapper main_color av-flex-cells  avia-builder-el-0  el_before_av_section  avia-builder-el-first   container_wrap fullsize'  >\n\n<style type=\"text\/css\" data-created_by=\"avia_inline_auto\" id=\"style-css-av-2431iu-fb8f660fa404fe49af02034133bc37c6\">\n.flex_cell.av-2431iu-fb8f660fa404fe49af02034133bc37c6{\nvertical-align:top;\nheight:430px;\nmin-height:430px;\npadding:30px 30px 30px 30px;\n}\n<\/style>\n<div class='flex_cell av_one_half av-2431iu-fb8f660fa404fe49af02034133bc37c6 no_margin  avia-builder-el-1  el_before_av_cell_one_half  avia-builder-el-first  avia-full-stretch' ><div class='flex_cell_inner'>\n<style type=\"text\/css\" data-created_by=\"avia_inline_auto\" id=\"style-css-av-m3t2muex-18aab4c5db7f795774f05a655b700471\">\n.avia-image-container.av-m3t2muex-18aab4c5db7f795774f05a655b700471 .av-image-caption-overlay-center{\ncolor:#ffffff;\n}\n<\/style>\n<div  class='avia-image-container av-m3t2muex-18aab4c5db7f795774f05a655b700471 av-styling- avia-align-center  avia-builder-el-2  avia-builder-el-no-sibling '  itemprop=\"image\" itemscope=\"itemscope\" itemtype=\"https:\/\/schema.org\/ImageObject\" ><div class=\"avia-image-container-inner\"><div class=\"avia-image-overlay-wrap\"><img decoding=\"async\" class='wp-image-2780 avia-img-lazy-loading-not-2780 avia_image' src=\"https:\/\/aluet.cat\/wp-content\/uploads\/2024\/11\/Aluet-piano-495x400.jpg\" alt='aLUET FONDO PIANO' title='Aluet piano'  height=\"400\" width=\"495\"  itemprop=\"thumbnailUrl\" srcset=\"https:\/\/aluet.cat\/wp-content\/uploads\/2024\/11\/Aluet-piano-495x400.jpg 495w, https:\/\/aluet.cat\/wp-content\/uploads\/2024\/11\/Aluet-piano-845x684.jpg 845w\" sizes=\"(max-width: 495px) 100vw, 495px\" \/><\/div><\/div><\/div>\n<\/div><\/div>\n<style type=\"text\/css\" data-created_by=\"avia_inline_auto\" id=\"style-css-av-jrzhly-b751ecb9beb12718887891e426929a77\">\n.flex_cell.av-jrzhly-b751ecb9beb12718887891e426929a77{\nvertical-align:middle;\nheight:430px;\nmin-height:430px;\npadding:30px 100px 30px 100px;\nbackground-color:#f5f5f5;\n}\n<\/style>\n<div class='flex_cell av_one_half av-jrzhly-b751ecb9beb12718887891e426929a77 no_margin  avia-builder-el-3  el_after_av_cell_one_half  avia-builder-el-last ' ><div class='flex_cell_inner'><p>\n<style type=\"text\/css\" data-created_by=\"avia_inline_auto\" id=\"style-css-av-m3t2cmgf-07bd7fdf12523f6a5103bccb76b0b6dc\">\n#top .av-special-heading.av-m3t2cmgf-07bd7fdf12523f6a5103bccb76b0b6dc{\npadding-bottom:10px;\ncolor:#000000;\n}\nbody .av-special-heading.av-m3t2cmgf-07bd7fdf12523f6a5103bccb76b0b6dc .av-special-heading-tag .heading-char{\nfont-size:25px;\n}\n.av-special-heading.av-m3t2cmgf-07bd7fdf12523f6a5103bccb76b0b6dc .special-heading-inner-border{\nborder-color:#000000;\n}\n.av-special-heading.av-m3t2cmgf-07bd7fdf12523f6a5103bccb76b0b6dc .av-subheading{\nfont-size:15px;\ncolor:#000000;\n}\n<\/style>\n<div  class='av-special-heading av-m3t2cmgf-07bd7fdf12523f6a5103bccb76b0b6dc av-special-heading-h3 custom-color-heading blockquote elegant-quote elegant-centered  avia-builder-el-4  el_before_av_textblock  avia-builder-el-first '><h3 class='av-special-heading-tag'  itemprop=\"headline\"  ><span class=\"heading-wrap\">A CORDES<\/span><\/h3><div class='av_custom_color av-subheading av-subheading_below'><p>INTRODUCCI\u00d3N<\/p>\n<\/div><div class=\"special-heading-border\"><div class=\"special-heading-inner-border\"><\/div><\/div><\/div><br \/>\n\n<style type=\"text\/css\" data-created_by=\"avia_inline_auto\" id=\"style-css-av-m3t2ix15-ad25c4da189ee25026641e470f582a2c\">\n#top .av_textblock_section.av-m3t2ix15-ad25c4da189ee25026641e470f582a2c .avia_textblock{\ncolor:#000000;\ntext-align:justify;\n}\n<\/style>\n<section  class='av_textblock_section av-m3t2ix15-ad25c4da189ee25026641e470f582a2c'  itemscope=\"itemscope\" itemtype=\"https:\/\/schema.org\/CreativeWork\" ><div class='avia_textblock av_inherit_color'  itemprop=\"text\" ><blockquote>\n<p>Las cuerdas atan. Las cuerdas unen, como los hilos invisibles que se tejen entre dos<br \/>\npersonas que se aman&#8230;<\/p>\n<\/blockquote>\n<p>Una cuerda puede salvar la vida del n\u00e1ufrago y acabar con la del ahorcado. Pender de un hilo. Atar cabos. Estar desatado. Hacerse un nudo.<br \/>\nLas cuerdas pueden ser fr\u00e1giles, tenues, transparentes como un hilo de pescar o fuertes como el cabo que amarra un barco e impide que sea arrastrado por la<br \/>\ncorriente.<\/p>\n<p>Un ovillo de hilo permiti\u00f3 a Teseo encontrar la salida del laberinto y escapar del Minotauro. Las cuerdas que dan vida a la marioneta, a la vez que la maniatan.<\/p>\n<p>Las cuerdas tienen el poder de inmovilizar o de asegurar.<\/p>\n<\/div><\/section><\/p>\n<\/div><\/div>\n<\/div>\n<div id='av_section_1'  class='avia-section av-h8inxy-17e2891f345c53b88568ec838f3a9e7d main_color avia-section-large avia-no-border-styling  avia-builder-el-6  el_after_av_layout_row  avia-builder-el-last  avia-bg-style-scroll container_wrap fullsize'  ><div class='container av-section-cont-open' ><div class='template-page content  av-content-full alpha units'><div class='post-entry post-entry-type-page post-entry-2758'><div class='entry-content-wrapper clearfix'>\n\n<style type=\"text\/css\" data-created_by=\"avia_inline_auto\" id=\"style-css-av-ft08om-d4547b3c7f17f3c35c71b86c73b58c95\">\n.flex_column.av-ft08om-d4547b3c7f17f3c35c71b86c73b58c95{\nborder-radius:0px 0px 0px 0px;\n-webkit-border-radius:0px 0px 0px 0px;\n-moz-border-radius:0px 0px 0px 0px;\n}\n<\/style>\n<div class='flex_column av-ft08om-d4547b3c7f17f3c35c71b86c73b58c95 av_one_half  avia-builder-el-7  el_before_av_one_half  avia-builder-el-first  first flex_column_div av-zero-column-padding '   ><p>\n<style type=\"text\/css\" data-created_by=\"avia_inline_auto\" id=\"style-css-av-dqx25y-665b99eae4fd897304cf37fd206a57f2\">\n#top .av-special-heading.av-dqx25y-665b99eae4fd897304cf37fd206a57f2{\npadding-bottom:10px;\ncolor:#000000;\n}\nbody .av-special-heading.av-dqx25y-665b99eae4fd897304cf37fd206a57f2 .av-special-heading-tag .heading-char{\nfont-size:25px;\n}\n.av-special-heading.av-dqx25y-665b99eae4fd897304cf37fd206a57f2 .special-heading-inner-border{\nborder-color:#000000;\n}\n.av-special-heading.av-dqx25y-665b99eae4fd897304cf37fd206a57f2 .av-subheading{\nfont-size:15px;\ncolor:#000000;\n}\nbody .av-special-heading.av-dqx25y-665b99eae4fd897304cf37fd206a57f2 .av-special-heading-tag .heading-wrap:before{\nborder-color:#000000;\n}\nbody .av-special-heading.av-dqx25y-665b99eae4fd897304cf37fd206a57f2 .av-special-heading-tag .heading-wrap:after{\nborder-color:#000000;\n}\n<\/style>\n<div  class='av-special-heading av-dqx25y-665b99eae4fd897304cf37fd206a57f2 av-special-heading-h3 custom-color-heading blockquote elegant-quote elegant-centered  avia-builder-el-8  el_before_av_textblock  avia-builder-el-first '><h3 class='av-special-heading-tag'  itemprop=\"headline\"  ><span class=\"heading-wrap\">A CORDES<\/span><\/h3><div class='av_custom_color av-subheading av-subheading_below'><p>Nuevo espect\u00e1culo<\/p>\n<\/div><div class=\"special-heading-border\"><div class=\"special-heading-inner-border\"><\/div><\/div><\/div><br \/>\n\n<style type=\"text\/css\" data-created_by=\"avia_inline_auto\" id=\"style-css-av-19j2ra-c729388af1786629d4f0751f0dab6dc0\">\n#top .av_textblock_section.av-19j2ra-c729388af1786629d4f0751f0dab6dc0 .avia_textblock{\ncolor:#000000;\n}\n<\/style>\n<section  class='av_textblock_section av-19j2ra-c729388af1786629d4f0751f0dab6dc0'  itemscope=\"itemscope\" itemtype=\"https:\/\/schema.org\/CreativeWork\" ><div class='avia_textblock av_inherit_color'  itemprop=\"text\" ><blockquote>\n<p>A CORDES es un espect\u00e1culo po\u00e9tico-musical. Al piano y bases electr\u00f3nicas de Josep Vidal (Aluet) se le une la voz de Fuensanta L\u00f3pez como conductora del recital.<\/p>\n<\/blockquote>\n<p>Su voz a veces narra, a veces recita, a veces \u00a0susurra y a veces canta. Textos propios de Josep, poes\u00edas de Fuensanta y versos prestados de los grandes poetas espa\u00f1oles del s.XX (Lorca,&#8230;).<\/p>\n<p>Todo ello acompa\u00f1ado por un tr\u00edo de cuerdas (contrabajo, cello y viola), que son el envoltorio perfecto para las melod\u00edas sinuosas del piano de Josep, y elevan la voz de Fuensanta a una dimensi\u00f3n casi m\u00edstica.<\/p>\n<p>El concierto intenta explorar y jugar con las infinitas posibilidades t\u00edmbricas de los instrumentos de cuerda (<em>Glissandos, pizzicatos, vibrato,tremolos, arm\u00f3nicos, martellato&#8230;<\/em>) a la vez que el texto nos introduce en un estado on\u00edrico, jugando tambi\u00e9n con las m\u00faltiples acepciones y significados que tienen las cuerdas, convirti\u00e9ndose estas en el leitmotiv de la obra.<\/p>\n<p>El resultado es una mixtura de sonoridades en la que la gama de sonidos se muestra en todo su espectro. Electr\u00f3nica delicada aderezada con instrumentos cl\u00e1sicos.<\/p>\n<\/div><\/section><\/p><\/div>\n<style type=\"text\/css\" data-created_by=\"avia_inline_auto\" id=\"style-css-av-bgfo0m-26c831f1f40c8801dde201477cf03b6b\">\n.flex_column.av-bgfo0m-26c831f1f40c8801dde201477cf03b6b{\nborder-radius:0px 0px 0px 0px;\n-webkit-border-radius:0px 0px 0px 0px;\n-moz-border-radius:0px 0px 0px 0px;\n}\n<\/style>\n<div class='flex_column av-bgfo0m-26c831f1f40c8801dde201477cf03b6b av_one_half  avia-builder-el-10  el_after_av_one_half  el_before_av_one_full  flex_column_div av-zero-column-padding '   ><p>\n<style type=\"text\/css\" data-created_by=\"avia_inline_auto\" id=\"style-css-av-9s18p2-1f7a5a007ee2fc4805c627b099a7eecf\">\n#top .av-special-heading.av-9s18p2-1f7a5a007ee2fc4805c627b099a7eecf{\npadding-bottom:10px;\n}\nbody .av-special-heading.av-9s18p2-1f7a5a007ee2fc4805c627b099a7eecf .av-special-heading-tag .heading-char{\nfont-size:25px;\n}\n.av-special-heading.av-9s18p2-1f7a5a007ee2fc4805c627b099a7eecf .av-subheading{\nfont-size:15px;\n}\n<\/style>\n<div  class='av-special-heading av-9s18p2-1f7a5a007ee2fc4805c627b099a7eecf av-special-heading-h3 blockquote elegant-quote elegant-centered  avia-builder-el-11  el_before_av_textblock  avia-builder-el-first '><h3 class='av-special-heading-tag'  itemprop=\"headline\"  ><span class=\"heading-wrap\">FICHA ART\u00cdSTICA<\/span><\/h3><div class=\"special-heading-border\"><div class=\"special-heading-inner-border\"><\/div><\/div><\/div><br \/>\n\n<style type=\"text\/css\" data-created_by=\"avia_inline_auto\" id=\"style-css-av-80qfnq-8441b8e0ad2a63dd2524680069f87c05\">\n#top .av_textblock_section.av-80qfnq-8441b8e0ad2a63dd2524680069f87c05 .avia_textblock{\ncolor:#000000;\n}\n<\/style>\n<section  class='av_textblock_section av-80qfnq-8441b8e0ad2a63dd2524680069f87c05'  itemscope=\"itemscope\" itemtype=\"https:\/\/schema.org\/CreativeWork\" ><div class='avia_textblock av_inherit_color'  itemprop=\"text\" ><ul>\n<li>Josep Vidal Composici\u00f3n, piano, sintetizadores y bases electr\u00f3nicas<\/li>\n<li>Fuensanta L\u00f3pez Rapsoda\/Cantante<\/li>\n<li>Marc Vidal \/ David Matheu Viola<\/li>\n<li>Sinta Salvad\u00f3 Cello<\/li>\n<li>Kike Pellicer Contrabajo<\/li>\n<li>Andrej Mikulasek Dise\u00f1o de vestuario<\/li>\n<li>ALUET Producci\u00f3n<\/li>\n<li>Fuensanta L\u00f3pez Producciones Distribuci\u00f3n<\/li>\n<\/ul>\n<\/div><\/section><br \/>\n\n<style type=\"text\/css\" data-created_by=\"avia_inline_auto\" id=\"style-css-av-m3tyud69-eb4e1648a42117bd887682eb3fa9c305\">\n.avia-image-container.av-m3tyud69-eb4e1648a42117bd887682eb3fa9c305 .av-image-caption-overlay-center{\ncolor:#ffffff;\n}\n<\/style>\n<div  class='avia-image-container av-m3tyud69-eb4e1648a42117bd887682eb3fa9c305 av-styling- avia-align-left  avia-builder-el-13  el_after_av_textblock  avia-builder-el-last '  itemprop=\"image\" itemscope=\"itemscope\" itemtype=\"https:\/\/schema.org\/ImageObject\" ><div class=\"avia-image-container-inner\"><div class=\"avia-image-overlay-wrap\"><img decoding=\"async\" class='wp-image-2782 avia-img-lazy-loading-not-2782 avia_image' src=\"https:\/\/aluet.cat\/wp-content\/uploads\/2024\/11\/foto-aluet-casino-300x200.jpg\" alt='aLUET CASINO' title='foto aluet casino'  height=\"200\" width=\"300\"  itemprop=\"thumbnailUrl\" srcset=\"https:\/\/aluet.cat\/wp-content\/uploads\/2024\/11\/foto-aluet-casino-300x200.jpg 300w, https:\/\/aluet.cat\/wp-content\/uploads\/2024\/11\/foto-aluet-casino-1030x687.jpg 1030w, https:\/\/aluet.cat\/wp-content\/uploads\/2024\/11\/foto-aluet-casino-768x512.jpg 768w, https:\/\/aluet.cat\/wp-content\/uploads\/2024\/11\/foto-aluet-casino-705x470.jpg 705w, https:\/\/aluet.cat\/wp-content\/uploads\/2024\/11\/foto-aluet-casino.jpg 1440w\" sizes=\"(max-width: 300px) 100vw, 300px\" \/><\/div><\/div><\/div><\/p><\/div>\n<style type=\"text\/css\" data-created_by=\"avia_inline_auto\" id=\"style-css-av-5g83om-2ddc9aaceb07924b8041e936d8dd32c4\">\n.flex_column.av-5g83om-2ddc9aaceb07924b8041e936d8dd32c4{\nborder-radius:0px 0px 0px 0px;\n-webkit-border-radius:0px 0px 0px 0px;\n-moz-border-radius:0px 0px 0px 0px;\npadding:30px 30px 30px 30px;\nbackground-color:#f5f5f5;\n}\n<\/style>\n<div class='flex_column av-5g83om-2ddc9aaceb07924b8041e936d8dd32c4 av_one_full  avia-builder-el-14  el_after_av_one_half  avia-builder-el-last  first flex_column_div column-top-margin'   ><p>\n<style type=\"text\/css\" data-created_by=\"avia_inline_auto\" id=\"style-css-av-3h4qc6-e954a489e43d8fcd9432d3563eb0dba8\">\n#top .av-special-heading.av-3h4qc6-e954a489e43d8fcd9432d3563eb0dba8{\npadding-bottom:20px;\n}\nbody .av-special-heading.av-3h4qc6-e954a489e43d8fcd9432d3563eb0dba8 .av-special-heading-tag .heading-char{\nfont-size:25px;\n}\n.av-special-heading.av-3h4qc6-e954a489e43d8fcd9432d3563eb0dba8 .av-subheading{\nfont-size:15px;\n}\n<\/style>\n<div  class='av-special-heading av-3h4qc6-e954a489e43d8fcd9432d3563eb0dba8 av-special-heading-h3 blockquote elegant-quote elegant-centered  avia-builder-el-15  el_before_av_button  avia-builder-el-first '><h3 class='av-special-heading-tag'  itemprop=\"headline\"  ><span class=\"heading-wrap\">M\u00c1S INFORMACI\u00d3N<\/span><\/h3><div class=\"special-heading-border\"><div class=\"special-heading-inner-border\"><\/div><\/div><\/div><br \/>\n<div  class='avia-button-wrap avia-button-center  avia-builder-el-16  el_after_av_heading  avia-builder-el-last ' ><a href='https:\/\/drive.google.com\/file\/d\/1ICcThWmdCra_wD4higLwwrL0QS22o6_R\/view?usp=sharing' class='avia-button av-3aulwm-6b62493d95c6feac6ce7cef9b1bb2017 avia-icon_select-yes-left-icon avia-size-x-large avia-position-center avia-color-theme-color' target=\"_blank\" rel=\"noopener noreferrer\"><span class='avia_button_icon avia_button_icon_left' aria-hidden='true' data-av_icon='\ue84d' data-av_iconfont='entypo-fontello'><\/span><span class='avia_iconbox_title' >DESCARGAR DOSSIER <\/span><\/a><\/div><\/p><\/div>\n","protected":false},"excerpt":{"rendered":"","protected":false},"author":1,"featured_media":0,"parent":0,"menu_order":0,"comment_status":"closed","ping_status":"closed","template":"","meta":{"footnotes":""},"class_list":["post-2758","page","type-page","status-publish","hentry"],"yoast_head":"<!-- This site is optimized with the Yoast SEO plugin v27.4 - https:\/\/yoast.com\/product\/yoast-seo-wordpress\/ -->\n<title>A CORDES - Aluet<\/title>\n<meta name=\"robots\" content=\"index, follow, max-snippet:-1, max-image-preview:large, max-video-preview:-1\" \/>\n<link rel=\"canonical\" href=\"https:\/\/aluet.cat\/index.php\/a-cordes\/\" \/>\n<meta property=\"og:locale\" content=\"es_ES\" \/>\n<meta property=\"og:type\" content=\"article\" \/>\n<meta property=\"og:title\" content=\"A CORDES - Aluet\" \/>\n<meta property=\"og:url\" content=\"https:\/\/aluet.cat\/index.php\/a-cordes\/\" \/>\n<meta property=\"og:site_name\" content=\"Aluet\" \/>\n<meta property=\"article:modified_time\" content=\"2025-05-27T18:03:54+00:00\" \/>\n<meta name=\"twitter:card\" content=\"summary_large_image\" \/>\n<meta name=\"twitter:label1\" content=\"Tiempo de lectura\" \/>\n\t<meta name=\"twitter:data1\" content=\"10 minutos\" \/>\n<script type=\"application\/ld+json\" class=\"yoast-schema-graph\">{\"@context\":\"https:\\\/\\\/schema.org\",\"@graph\":[{\"@type\":\"WebPage\",\"@id\":\"https:\\\/\\\/aluet.cat\\\/index.php\\\/a-cordes\\\/\",\"url\":\"https:\\\/\\\/aluet.cat\\\/index.php\\\/a-cordes\\\/\",\"name\":\"A CORDES - Aluet\",\"isPartOf\":{\"@id\":\"https:\\\/\\\/aluet.cat\\\/#website\"},\"datePublished\":\"2023-03-02T12:51:59+00:00\",\"dateModified\":\"2025-05-27T18:03:54+00:00\",\"breadcrumb\":{\"@id\":\"https:\\\/\\\/aluet.cat\\\/index.php\\\/a-cordes\\\/#breadcrumb\"},\"inLanguage\":\"es\",\"potentialAction\":[{\"@type\":\"ReadAction\",\"target\":[\"https:\\\/\\\/aluet.cat\\\/index.php\\\/a-cordes\\\/\"]}]},{\"@type\":\"BreadcrumbList\",\"@id\":\"https:\\\/\\\/aluet.cat\\\/index.php\\\/a-cordes\\\/#breadcrumb\",\"itemListElement\":[{\"@type\":\"ListItem\",\"position\":1,\"name\":\"Portada\",\"item\":\"https:\\\/\\\/aluet.cat\\\/\"},{\"@type\":\"ListItem\",\"position\":2,\"name\":\"A CORDES\"}]},{\"@type\":\"WebSite\",\"@id\":\"https:\\\/\\\/aluet.cat\\\/#website\",\"url\":\"https:\\\/\\\/aluet.cat\\\/\",\"name\":\"Aluet\",\"description\":\"Music Project\",\"publisher\":{\"@id\":\"https:\\\/\\\/aluet.cat\\\/#organization\"},\"potentialAction\":[{\"@type\":\"SearchAction\",\"target\":{\"@type\":\"EntryPoint\",\"urlTemplate\":\"https:\\\/\\\/aluet.cat\\\/?s={search_term_string}\"},\"query-input\":{\"@type\":\"PropertyValueSpecification\",\"valueRequired\":true,\"valueName\":\"search_term_string\"}}],\"inLanguage\":\"es\"},{\"@type\":\"Organization\",\"@id\":\"https:\\\/\\\/aluet.cat\\\/#organization\",\"name\":\"Aluet\",\"url\":\"https:\\\/\\\/aluet.cat\\\/\",\"logo\":{\"@type\":\"ImageObject\",\"inLanguage\":\"es\",\"@id\":\"https:\\\/\\\/aluet.cat\\\/#\\\/schema\\\/logo\\\/image\\\/\",\"url\":\"http:\\\/\\\/aluet.cat\\\/wp-content\\\/uploads\\\/2022\\\/05\\\/1-1.png\",\"contentUrl\":\"http:\\\/\\\/aluet.cat\\\/wp-content\\\/uploads\\\/2022\\\/05\\\/1-1.png\",\"width\":500,\"height\":500,\"caption\":\"Aluet\"},\"image\":{\"@id\":\"https:\\\/\\\/aluet.cat\\\/#\\\/schema\\\/logo\\\/image\\\/\"}}]}<\/script>\n<!-- \/ Yoast SEO plugin. -->","yoast_head_json":{"title":"A CORDES - Aluet","robots":{"index":"index","follow":"follow","max-snippet":"max-snippet:-1","max-image-preview":"max-image-preview:large","max-video-preview":"max-video-preview:-1"},"canonical":"https:\/\/aluet.cat\/index.php\/a-cordes\/","og_locale":"es_ES","og_type":"article","og_title":"A CORDES - Aluet","og_url":"https:\/\/aluet.cat\/index.php\/a-cordes\/","og_site_name":"Aluet","article_modified_time":"2025-05-27T18:03:54+00:00","twitter_card":"summary_large_image","twitter_misc":{"Tiempo de lectura":"10 minutos"},"schema":{"@context":"https:\/\/schema.org","@graph":[{"@type":"WebPage","@id":"https:\/\/aluet.cat\/index.php\/a-cordes\/","url":"https:\/\/aluet.cat\/index.php\/a-cordes\/","name":"A CORDES - Aluet","isPartOf":{"@id":"https:\/\/aluet.cat\/#website"},"datePublished":"2023-03-02T12:51:59+00:00","dateModified":"2025-05-27T18:03:54+00:00","breadcrumb":{"@id":"https:\/\/aluet.cat\/index.php\/a-cordes\/#breadcrumb"},"inLanguage":"es","potentialAction":[{"@type":"ReadAction","target":["https:\/\/aluet.cat\/index.php\/a-cordes\/"]}]},{"@type":"BreadcrumbList","@id":"https:\/\/aluet.cat\/index.php\/a-cordes\/#breadcrumb","itemListElement":[{"@type":"ListItem","position":1,"name":"Portada","item":"https:\/\/aluet.cat\/"},{"@type":"ListItem","position":2,"name":"A CORDES"}]},{"@type":"WebSite","@id":"https:\/\/aluet.cat\/#website","url":"https:\/\/aluet.cat\/","name":"Aluet","description":"Music Project","publisher":{"@id":"https:\/\/aluet.cat\/#organization"},"potentialAction":[{"@type":"SearchAction","target":{"@type":"EntryPoint","urlTemplate":"https:\/\/aluet.cat\/?s={search_term_string}"},"query-input":{"@type":"PropertyValueSpecification","valueRequired":true,"valueName":"search_term_string"}}],"inLanguage":"es"},{"@type":"Organization","@id":"https:\/\/aluet.cat\/#organization","name":"Aluet","url":"https:\/\/aluet.cat\/","logo":{"@type":"ImageObject","inLanguage":"es","@id":"https:\/\/aluet.cat\/#\/schema\/logo\/image\/","url":"http:\/\/aluet.cat\/wp-content\/uploads\/2022\/05\/1-1.png","contentUrl":"http:\/\/aluet.cat\/wp-content\/uploads\/2022\/05\/1-1.png","width":500,"height":500,"caption":"Aluet"},"image":{"@id":"https:\/\/aluet.cat\/#\/schema\/logo\/image\/"}}]}},"_links":{"self":[{"href":"https:\/\/aluet.cat\/index.php\/wp-json\/wp\/v2\/pages\/2758","targetHints":{"allow":["GET"]}}],"collection":[{"href":"https:\/\/aluet.cat\/index.php\/wp-json\/wp\/v2\/pages"}],"about":[{"href":"https:\/\/aluet.cat\/index.php\/wp-json\/wp\/v2\/types\/page"}],"author":[{"embeddable":true,"href":"https:\/\/aluet.cat\/index.php\/wp-json\/wp\/v2\/users\/1"}],"replies":[{"embeddable":true,"href":"https:\/\/aluet.cat\/index.php\/wp-json\/wp\/v2\/comments?post=2758"}],"version-history":[{"count":30,"href":"https:\/\/aluet.cat\/index.php\/wp-json\/wp\/v2\/pages\/2758\/revisions"}],"predecessor-version":[{"id":2814,"href":"https:\/\/aluet.cat\/index.php\/wp-json\/wp\/v2\/pages\/2758\/revisions\/2814"}],"wp:attachment":[{"href":"https:\/\/aluet.cat\/index.php\/wp-json\/wp\/v2\/media?parent=2758"}],"curies":[{"name":"wp","href":"https:\/\/api.w.org\/{rel}","templated":true}]}}